{"id":565,"date":"2025-01-17T18:12:34","date_gmt":"2025-01-17T17:12:34","guid":{"rendered":"https:\/\/bonavita-physiofit.de\/?page_id=565"},"modified":"2025-05-29T13:27:51","modified_gmt":"2025-05-29T11:27:51","slug":"impressum","status":"publish","type":"page","link":"https:\/\/bonavita-physiofit.de\/?page_id=565","title":{"rendered":"Impressum"},"content":{"rendered":"\t\t<div data-elementor-type=\"wp-page\" data-elementor-id=\"565\" class=\"elementor elementor-565\">\n\t\t\t\t<div class=\"elementor-element elementor-element-8e155fc e-flex e-con-boxed e-con e-parent\" data-id=\"8e155fc\" data-element_type=\"container\">\n\t\t\t\t\t<div class=\"e-con-inner\">\n\t\t\t\t<div class=\"elementor-element elementor-element-6dbfe25 elementor-widget elementor-widget-text-editor\" data-id=\"6dbfe25\" data-element_type=\"widget\" data-widget_type=\"text-editor.default\">\n\t\t\t\t<div class=\"elementor-widget-container\">\n\t\t\t\t\t\t\t<hr data-start=\"469\" data-end=\"472\" \/><p data-start=\"474\" data-end=\"511\"><strong data-start=\"474\" data-end=\"487\">IMPRESSUM<\/strong><br data-start=\"487\" data-end=\"490\" \/>Angaben gem\u00e4\u00df \u00a7 5 TMG<\/p><p data-start=\"513\" data-end=\"637\"><strong data-start=\"513\" data-end=\"553\">bonaVITA Physiotherapie und Training<\/strong><br data-start=\"553\" data-end=\"556\" \/>Inhaber: Siegfried Braig<br data-start=\"580\" data-end=\"583\" \/>Hohenkr\u00e4henstra\u00dfe 25<br data-start=\"603\" data-end=\"606\" \/>79798 Jestetten<br data-start=\"621\" data-end=\"624\" \/>Deutschland<\/p><p data-start=\"639\" data-end=\"746\">Telefon: 07745 927 0000<br data-start=\"662\" data-end=\"665\" \/>E-Mail: <a class=\"cursor-pointer\" rel=\"noopener\" data-start=\"673\" data-end=\"746\">rezeption@bonavita-physiofit.de<\/a><\/p><p data-start=\"748\" data-end=\"842\"><strong data-start=\"748\" data-end=\"804\">Verantwortlich f\u00fcr den Inhalt nach \u00a7 18 Abs. 2 MStV:<\/strong><br data-start=\"804\" data-end=\"807\" \/>Siegfried Braig, Adresse wie oben<\/p><hr data-start=\"844\" data-end=\"847\" \/><h3 data-start=\"849\" data-end=\"882\">Berufsrechtliche Regelungen<\/h3><p data-start=\"883\" data-end=\"935\">Die berufsrechtlichen Regelungen finden Sie unter:<\/p><ul data-start=\"936\" data-end=\"1091\"><li data-start=\"936\" data-end=\"1013\"><p data-start=\"938\" data-end=\"1013\"><a class=\"cursor-pointer\" target=\"_new\" rel=\"noopener\" data-start=\"938\" data-end=\"1011\">Heilpraktikergesetz (MPHG)<\/a><\/p><\/li><li data-start=\"1014\" data-end=\"1091\"><p data-start=\"1016\" data-end=\"1091\"><a class=\"cursor-pointer\" target=\"_new\" rel=\"noopener\" data-start=\"1016\" data-end=\"1091\">Heilmittelwerbegesetz (HWG)<\/a><\/p><\/li><\/ul><hr data-start=\"1093\" data-end=\"1096\" \/><h3 data-start=\"1098\" data-end=\"1116\">Urheberrecht<\/h3><p data-start=\"1117\" data-end=\"1413\">Inhalt und Struktur dieser Website sind urheberrechtlich gesch\u00fctzt. Die Vervielf\u00e4ltigung oder Bearbeitung von Inhalten \u2013 auch auszugsweise \u2013 ist ohne vorherige schriftliche Zustimmung von Siegfried Braig unzul\u00e4ssig, sofern die Inhalte nicht ausdr\u00fccklich f\u00fcr die Weiterverwendung freigegeben sind.<\/p><hr data-start=\"1415\" data-end=\"1418\" \/><h3 data-start=\"1420\" data-end=\"1457\">Haftungsausschluss (Disclaimer)<\/h3><p data-start=\"1458\" data-end=\"1711\">Trotz sorgf\u00e4ltiger inhaltlicher Kontrolle \u00fcbernehmen wir keine Haftung f\u00fcr die Inhalte externer Links. F\u00fcr den Inhalt verlinkter Seiten sind ausschlie\u00dflich deren Betreiber verantwortlich. Alle Angaben k\u00f6nnen ohne vorherige Ank\u00fcndigung ge\u00e4ndert werden.<\/p><hr data-start=\"1713\" data-end=\"1716\" \/><h3 data-start=\"1718\" data-end=\"1741\">Affiliate-Hinweis<\/h3><p data-start=\"1742\" data-end=\"1994\">Diese Website nimmt an Affiliate-Programmen teil. Bei Produktlinks handelt es sich teilweise um sogenannte Affiliate-Links. Wenn Sie \u00fcber einen solchen Link einkaufen, erhalten wir ggf. eine kleine Provision. F\u00fcr Sie entstehen dadurch keine Mehrkosten.<\/p><hr data-start=\"1996\" data-end=\"1999\" \/><p data-start=\"2001\" data-end=\"2047\"><strong data-start=\"2001\" data-end=\"2011\">Stand:<\/strong> Mai 2025<br data-start=\"2020\" data-end=\"2023\" \/>Alle Rechte vorbehalten.<\/p>\t\t\t\t\t\t<\/div>\n\t\t\t\t<\/div>\n\t\t\t\t\t<\/div>\n\t\t\t\t<\/div>\n\t\t\t\t<\/div>\n\t\t","protected":false},"excerpt":{"rendered":"<p>IMPRESSUMAngaben gem\u00e4\u00df \u00a7 5 TMG bonaVITA Physiotherapie und TrainingInhaber: Siegfried BraigHohenkr\u00e4henstra\u00dfe 2579798 JestettenDeutschland Telefon: 07745 927 0000E-Mail: rezeption@bonavita-physiofit.de Verantwortlich f\u00fcr den Inhalt nach \u00a7 18 Abs. 2 MStV:Siegfried Braig, Adresse wie oben Berufsrechtliche Regelungen Die berufsrechtlichen Regelungen finden Sie unter: Heilpraktikergesetz (MPHG) Heilmittelwerbegesetz (HWG) Urheberrecht Inhalt und Struktur dieser Website sind urheberrechtlich gesch\u00fctzt. Die Vervielf\u00e4ltigung [&hellip;]<\/p>\n","protected":false},"author":1,"featured_media":0,"parent":0,"menu_order":0,"comment_status":"closed","ping_status":"closed","template":"","meta":{"_monsterinsights_skip_tracking":false,"_monsterinsights_sitenote_active":false,"_monsterinsights_sitenote_note":"","_monsterinsights_sitenote_category":0,"footnotes":""},"class_list":["post-565","page","type-page","status-publish","hentry"],"aioseo_notices":[],"_links":{"self":[{"href":"https:\/\/bonavita-physiofit.de\/index.php?rest_route=\/wp\/v2\/pages\/565","targetHints":{"allow":["GET"]}}],"collection":[{"href":"https:\/\/bonavita-physiofit.de\/index.php?rest_route=\/wp\/v2\/pages"}],"about":[{"href":"https:\/\/bonavita-physiofit.de\/index.php?rest_route=\/wp\/v2\/types\/page"}],"author":[{"embeddable":true,"href":"https:\/\/bonavita-physiofit.de\/index.php?rest_route=\/wp\/v2\/users\/1"}],"replies":[{"embeddable":true,"href":"https:\/\/bonavita-physiofit.de\/index.php?rest_route=%2Fwp%2Fv2%2Fcomments&post=565"}],"version-history":[{"count":13,"href":"https:\/\/bonavita-physiofit.de\/index.php?rest_route=\/wp\/v2\/pages\/565\/revisions"}],"predecessor-version":[{"id":975,"href":"https:\/\/bonavita-physiofit.de\/index.php?rest_route=\/wp\/v2\/pages\/565\/revisions\/975"}],"wp:attachment":[{"href":"https:\/\/bonavita-physiofit.de\/index.php?rest_route=%2Fwp%2Fv2%2Fmedia&parent=565"}],"curies":[{"name":"wp","href":"https:\/\/api.w.org\/{rel}","templated":true}]}}