{"id":343,"date":"2024-10-03T14:23:32","date_gmt":"2024-10-03T12:23:32","guid":{"rendered":"https:\/\/bonavita-physiofit.de\/?page_id=343"},"modified":"2026-04-05T18:21:40","modified_gmt":"2026-04-05T16:21:40","slug":"physiotheraphy","status":"publish","type":"page","link":"https:\/\/bonavita-physiofit.de\/?page_id=343","title":{"rendered":"Physiotherapie"},"content":{"rendered":"\t\t<div data-elementor-type=\"wp-page\" data-elementor-id=\"343\" class=\"elementor elementor-343\">\n\t\t\t\t<div class=\"elementor-element elementor-element-7ab4142 e-con-full e-flex e-con e-parent\" data-id=\"7ab4142\" data-element_type=\"container\">\n\t\t\t\t<div class=\"elementor-element elementor-element-5b44e96 elementor-widget elementor-widget-html\" data-id=\"5b44e96\" data-element_type=\"widget\" data-widget_type=\"html.default\">\n\t\t\t\t<div class=\"elementor-widget-container\">\n\t\t\t<!DOCTYPE html>\r\n<html lang=\"de\">\r\n<head>\r\n  <meta charset=\"UTF-8\">\r\n  <meta name=\"viewport\" content=\"width=device-width, initial-scale=1.0\">\r\n  <style>\r\n    :root {\r\n      --praxis-gruen: #2d5a3f;\r\n      --bg-light: #f8faf9;\r\n      --text-dark: #2c3e50;\r\n      --shadow: 0 10px 30px rgba(0, 0, 0, 0.05);\r\n    }\r\n\r\n    body {\r\n      font-family: 'Segoe UI', Roboto, Helvetica, Arial, sans-serif;\r\n      background-color: #fff;\r\n      color: var(--text-dark);\r\n      margin: 0;\r\n      padding: 20px;\r\n    }\r\n\r\n    \/* Leistungen Accordion *\/\r\n    .leistung-container {\r\n      max-width: 900px;\r\n      margin: 40px auto;\r\n      display: flex;\r\n      flex-direction: column;\r\n      gap: 15px;\r\n    }\r\n\r\n    .leistung-header {\r\n      text-align: center;\r\n      margin-bottom: 30px;\r\n    }\r\n\r\n    .leistung {\r\n      background-color: #ffffff;\r\n      border-radius: 15px;\r\n      padding: 20px 25px;\r\n      box-shadow: var(--shadow);\r\n      border: 1px solid #f0f0f0;\r\n      cursor: pointer;\r\n      transition: all 0.3s ease;\r\n      position: relative;\r\n      overflow: hidden;\r\n    }\r\n\r\n    .leistung:hover {\r\n      transform: translateY(-2px);\r\n      border-color: var(--praxis-gruen);\r\n    }\r\n\r\n    .leistung-top {\r\n      display: flex;\r\n      justify-content: space-between;\r\n      align-items: center;\r\n    }\r\n\r\n    .leistung h3 {\r\n      margin: 0;\r\n      font-size: 1.25rem;\r\n      color: var(--text-dark);\r\n      font-weight: 700;\r\n    }\r\n\r\n    .leistung p {\r\n      max-height: 0;\r\n      opacity: 0;\r\n      margin: 0;\r\n      font-size: 1rem;\r\n      color: #576574;\r\n      line-height: 1.6;\r\n      transition: all 0.4s cubic-bezier(0.4, 0, 0.2, 1);\r\n    }\r\n\r\n    .leistung.active {\r\n      border-left: 5px solid var(--praxis-gruen);\r\n    }\r\n\r\n    .leistung.active p {\r\n      max-height: 200px;\r\n      opacity: 1;\r\n      margin-top: 15px;\r\n    }\r\n\r\n    .toggle-icon {\r\n      width: 30px;\r\n      height: 30px;\r\n      background: var(--bg-light);\r\n      color: var(--praxis-gruen);\r\n      border-radius: 50%;\r\n      display: flex;\r\n      align-items: center;\r\n      justify-content: center;\r\n      font-weight: bold;\r\n      font-size: 1.2rem;\r\n      transition: transform 0.3s ease;\r\n    }\r\n\r\n    .leistung.active .toggle-icon {\r\n      transform: rotate(45deg);\r\n      background: var(--praxis-gruen);\r\n      color: white;\r\n    }\r\n\r\n    \/* Rechtliches Section *\/\r\n    .rechtliches-header {\r\n      text-align: center;\r\n      margin-top: 60px;\r\n      margin-bottom: 30px;\r\n    }\r\n\r\n    .rechtliches-grid {\r\n      display: grid;\r\n      grid-template-columns: repeat(3, 1fr);\r\n      gap: 20px;\r\n      margin: 0 auto;\r\n      max-width: 1200px;\r\n    }\r\n\r\n    .rechtliches-box {\r\n      background-color: var(--bg-light);\r\n      border-radius: 20px;\r\n      padding: 25px;\r\n      border: 1px solid #eef2f0;\r\n      text-align: center;\r\n      display: flex;\r\n      flex-direction: column;\r\n      justify-content: center;\r\n      transition: transform 0.3s ease;\r\n    }\r\n\r\n    .rechtliches-box:hover {\r\n      background-color: #fff;\r\n      box-shadow: var(--shadow);\r\n    }\r\n\r\n    .rechtliches-box p {\r\n      margin: 0;\r\n      font-size: 0.95rem;\r\n      line-height: 1.5;\r\n      color: #4a5568;\r\n    }\r\n\r\n    .rechtliches-box strong {\r\n      color: var(--praxis-gruen);\r\n      display: block;\r\n      margin-bottom: 5px;\r\n      font-size: 1.05rem;\r\n    }\r\n\r\n    \/* Responsive *\/\r\n    @media (max-width: 992px) {\r\n      .rechtliches-grid {\r\n        grid-template-columns: repeat(2, 1fr);\r\n      }\r\n    }\r\n\r\n    @media (max-width: 768px) {\r\n      .rechtliches-grid {\r\n        grid-template-columns: 1fr;\r\n        max-width: 500px;\r\n      }\r\n      .leistung h3 { font-size: 1.1rem; }\r\n    }\r\n  <\/style>\r\n<\/head>\r\n<body>\r\n\r\n<div class=\"leistung-header\">\r\n  <h2 style=\"color: var(--praxis-gruen); font-size: 2rem;\">Unsere Leistungen<\/h2>\r\n  <p>Klicken Sie auf eine Leistung f\u00fcr mehr Informationen.<\/p>\r\n<\/div>\r\n\r\n<div class=\"leistung-container\">\r\n  <div class=\"leistung\" onclick=\"toggleLeistung(this)\">\r\n    <div class=\"leistung-top\">\r\n      <h3>Manuelle Therapie<\/h3>\r\n      <div class=\"toggle-icon\">+<\/div>\r\n    <\/div>\r\n    <p>Gezielte Behandlung von Bewegungsst\u00f6rungen durch manuelle Techniken zur Verbesserung der Gelenkbeweglichkeit.<\/p>\r\n  <\/div>\r\n\r\n  <div class=\"leistung\" onclick=\"toggleLeistung(this)\">\r\n    <div class=\"leistung-top\">\r\n      <h3>Krankengymnastik<\/h3>\r\n      <div class=\"toggle-icon\">+<\/div>\r\n    <\/div>\r\n    <p>Aktive und passive \u00dcbungen zur Steigerung von Muskelkraft, Flexibilit\u00e4t und Koordination.<\/p>\r\n  <\/div>\r\n\r\n  <div class=\"leistung\" onclick=\"toggleLeistung(this)\">\r\n    <div class=\"leistung-top\">\r\n      <h3>Kieferbehandlung (CMD)<\/h3>\r\n      <div class=\"toggle-icon\">+<\/div>\r\n    <\/div>\r\n    <p>Spezielle Therapie bei Funktionsst\u00f6rungen im Kiefergelenk (z.B. Z\u00e4hneknirschen oder Verspannungen).<\/p>\r\n  <\/div>\r\n\r\n  <div class=\"leistung\" onclick=\"toggleLeistung(this)\">\r\n    <div class=\"leistung-top\">\r\n      <h3>W\u00e4rme- & K\u00e4ltebehandlung<\/h3>\r\n      <div class=\"toggle-icon\">+<\/div>\r\n    <\/div>\r\n    <p>F\u00f6rderung der Durchblutung und Schmerzlinderung durch Fango, Rotlicht oder Eis.<\/p>\r\n  <\/div>\r\n\r\n  <div class=\"leistung\" onclick=\"toggleLeistung(this)\">\r\n    <div class=\"leistung-top\">\r\n      <h3>Ultraschalltherapie<\/h3>\r\n      <div class=\"toggle-icon\">+<\/div>\r\n    <\/div>\r\n    <p>Tiefenwirksame Mikromassage zur Heilungsf\u00f6rderung bei Muskel- und Gelenkverletzungen.<\/p>\r\n  <\/div>\r\n\r\n  <div class=\"leistung\" onclick=\"toggleLeistung(this)\">\r\n    <div class=\"leistung-top\">\r\n      <h3>Schlingentisch<\/h3>\r\n      <div class=\"toggle-icon\">+<\/div>\r\n    <\/div>\r\n    <p>Gelenkschonende Entlastung und Mobilisation unter Aufhebung der Schwerkraft.<\/p>\r\n  <\/div>\r\n\r\n  <div class=\"leistung\" onclick=\"toggleLeistung(this)\">\r\n    <div class=\"leistung-top\">\r\n      <h3>Manuelle Lymphdrainage<\/h3>\r\n      <div class=\"toggle-icon\">+<\/div>\r\n    <\/div>\r\n    <p>Sanfte Grifftechniken zur Entstauung von \u00d6demen und F\u00f6rderung des Lymphabflusses.<\/p>\r\n  <\/div>\r\n\r\n  <div class=\"leistung\" onclick=\"toggleLeistung(this)\">\r\n    <div class=\"leistung-top\">\r\n      <h3>Klassische Massagetherapie<\/h3>\r\n      <div class=\"toggle-icon\">+<\/div>\r\n    <\/div>\r\n    <p>L\u00f6sen von muskul\u00e4ren Verspannungen und F\u00f6rderung des allgemeinen Wohlbefindens.<\/p>\r\n  <\/div>\r\n<\/div>\r\n\r\n<div class=\"rechtliches-header\">\r\n  <h2 style=\"color: var(--praxis-gruen); font-size: 2rem;\">Wichtige Patientenhinweise<\/h2>\r\n<\/div>\r\n\r\n<div class=\"rechtliches-grid\">\r\n  <div class=\"rechtliches-box\">\r\n    <p><strong>P\u00fcnktlichkeit<\/strong> Bitte erscheinen Sie ca. 5 Min. vor Beginn zur Anmeldung und Rezept-Unterschrift.<\/p>\r\n  <\/div>\r\n\r\n  <div class=\"rechtliches-box\">\r\n    <p><strong>Absage-Regelung<\/strong> Termine bitte sp\u00e4testens 24h vorher absagen. Nicht rechtzeitig abgesagte Termine m\u00fcssen wir privat berechnen.<\/p>\r\n  <\/div>\r\n\r\n  <div class=\"rechtliches-box\">\r\n    <p><strong>Hygiene<\/strong> Bitte bringen Sie ein gro\u00dfes Handtuch mit. Ein Leihhandtuch erhalten Sie gegen eine Geb\u00fchr von 1,00 \u20ac.<\/p>\r\n  <\/div>\r\n\r\n  <div class=\"rechtliches-box\">\r\n    <p><strong>Rezeptgeb\u00fchr<\/strong> Die gesetzliche Zuzahlung ist bis zum 2. Termin zu leisten. Kartenzahlung ist bei uns m\u00f6glich.<\/p>\r\n  <\/div>\r\n\r\n  <div class=\"rechtliches-box\">\r\n    <p><strong>Terminw\u00fcnsche<\/strong> Wir bem\u00fchen uns um Ihre Wunschtermine. Je flexibler Sie sind, desto schneller finden wir einen Platz.<\/p>\r\n  <\/div>\r\n\r\n  <div class=\"rechtliches-box\">\r\n    <p><strong>Erreichbarkeit<\/strong> Nutzen Sie au\u00dferhalb der Rezeptionszeiten bitte den Briefkasten oder unseren Anrufbeantworter.<\/p>\r\n  <\/div>\r\n<\/div>\r\n\r\n<script>\r\n  function toggleLeistung(element) {\r\n    const isActive = element.classList.contains(\"active\");\r\n    \r\n    \/\/ Optional: Alle anderen schlie\u00dfen, wenn einer ge\u00f6ffnet wird\r\n    document.querySelectorAll('.leistung').forEach(l => {\r\n      l.classList.remove('active');\r\n    });\r\n\r\n    if (!isActive) {\r\n      element.classList.add(\"active\");\r\n    }\r\n  }\r\n<\/script>\r\n\r\n<\/body>\r\n<\/html>\t\t<\/div>\n\t\t\t\t<\/div>\n\t\t\t\t<\/div>\n\t\t\t\t<\/div>\n\t\t","protected":false},"excerpt":{"rendered":"<p>Unsere Leistungen Klicken Sie auf eine Leistung f\u00fcr mehr Informationen. Manuelle Therapie + Gezielte Behandlung von Bewegungsst\u00f6rungen durch manuelle Techniken zur Verbesserung der Gelenkbeweglichkeit. Krankengymnastik + Aktive und passive \u00dcbungen zur Steigerung von Muskelkraft, Flexibilit\u00e4t und Koordination. Kieferbehandlung (CMD) + Spezielle Therapie bei Funktionsst\u00f6rungen im Kiefergelenk (z.B. Z\u00e4hneknirschen oder Verspannungen). W\u00e4rme- &#038; K\u00e4ltebehandlung + F\u00f6rderung [&hellip;]<\/p>\n","protected":false},"author":1,"featured_media":0,"parent":0,"menu_order":0,"comment_status":"closed","ping_status":"closed","template":"","meta":{"_monsterinsights_skip_tracking":false,"_monsterinsights_sitenote_active":false,"_monsterinsights_sitenote_note":"","_monsterinsights_sitenote_category":0,"footnotes":""},"class_list":["post-343","page","type-page","status-publish","hentry"],"aioseo_notices":[],"_links":{"self":[{"href":"https:\/\/bonavita-physiofit.de\/index.php?rest_route=\/wp\/v2\/pages\/343","targetHints":{"allow":["GET"]}}],"collection":[{"href":"https:\/\/bonavita-physiofit.de\/index.php?rest_route=\/wp\/v2\/pages"}],"about":[{"href":"https:\/\/bonavita-physiofit.de\/index.php?rest_route=\/wp\/v2\/types\/page"}],"author":[{"embeddable":true,"href":"https:\/\/bonavita-physiofit.de\/index.php?rest_route=\/wp\/v2\/users\/1"}],"replies":[{"embeddable":true,"href":"https:\/\/bonavita-physiofit.de\/index.php?rest_route=%2Fwp%2Fv2%2Fcomments&post=343"}],"version-history":[{"count":51,"href":"https:\/\/bonavita-physiofit.de\/index.php?rest_route=\/wp\/v2\/pages\/343\/revisions"}],"predecessor-version":[{"id":1179,"href":"https:\/\/bonavita-physiofit.de\/index.php?rest_route=\/wp\/v2\/pages\/343\/revisions\/1179"}],"wp:attachment":[{"href":"https:\/\/bonavita-physiofit.de\/index.php?rest_route=%2Fwp%2Fv2%2Fmedia&parent=343"}],"curies":[{"name":"wp","href":"https:\/\/api.w.org\/{rel}","templated":true}]}}