{"id":3,"date":"2023-12-01T17:35:06","date_gmt":"2023-12-01T16:35:06","guid":{"rendered":"https:\/\/bonavita-physiofit.de\/?page_id=3"},"modified":"2025-06-01T15:48:58","modified_gmt":"2025-06-01T13:48:58","slug":"datenschutzerklaerung","status":"publish","type":"page","link":"https:\/\/bonavita-physiofit.de\/?page_id=3","title":{"rendered":"Datenschutzerkl\u00e4rung"},"content":{"rendered":"\t\t<div data-elementor-type=\"wp-page\" data-elementor-id=\"3\" class=\"elementor elementor-3\">\n\t\t\t\t<div class=\"elementor-element elementor-element-15cd32c4 e-flex e-con-boxed e-con e-parent\" data-id=\"15cd32c4\" data-element_type=\"container\">\n\t\t\t\t\t<div class=\"e-con-inner\">\n\t\t\t\t<div class=\"elementor-element elementor-element-154b5c08 elementor-widget elementor-widget-text-editor\" data-id=\"154b5c08\" data-element_type=\"widget\" data-widget_type=\"text-editor.default\">\n\t\t\t\t<div class=\"elementor-widget-container\">\n\t\t\t\t\t\t\t<!-- wp:heading -->\n<article class=\"text-token-text-primary w-full\" dir=\"auto\" data-testid=\"conversation-turn-100\" data-scroll-anchor=\"false\">\n<div class=\"text-base my-auto mx-auto py-5 [--thread-content-margin:--spacing(4)] @[37rem]:[--thread-content-margin:--spacing(6)] @[72rem]:[--thread-content-margin:--spacing(16)] px-(--thread-content-margin)\">\n<div class=\"[--thread-content-max-width:32rem] @[34rem]:[--thread-content-max-width:40rem] @[64rem]:[--thread-content-max-width:48rem] mx-auto flex max-w-(--thread-content-max-width) flex-1 text-base gap-4 md:gap-5 lg:gap-6 group\/turn-messages focus-visible:outline-hidden\" tabindex=\"-1\">\n<div class=\"group\/conversation-turn relative flex w-full min-w-0 flex-col agent-turn\">\n<div class=\"relative flex-col gap-1 md:gap-3\">\n<div class=\"flex max-w-full flex-col grow\">\n<div class=\"min-h-8 text-message relative flex w-full flex-col items-end gap-2 text-start break-words whitespace-normal [.text-message+&amp;]:mt-5\" dir=\"auto\" data-message-author-role=\"assistant\" data-message-id=\"1dc18351-8c37-4075-87d1-e22263c4e02a\" data-message-model-slug=\"gpt-4-1-mini\">\n<div class=\"flex w-full flex-col gap-1 empty:hidden first:pt-[3px]\">\n<div class=\"markdown prose dark:prose-invert w-full break-words light\">\n<article class=\"text-token-text-primary w-full\" dir=\"auto\" data-testid=\"conversation-turn-100\" data-scroll-anchor=\"false\">\n<div class=\"text-base my-auto mx-auto py-5 [--thread-content-margin:--spacing(4)] @[37rem]:[--thread-content-margin:--spacing(6)] @[72rem]:[--thread-content-margin:--spacing(16)] px-(--thread-content-margin)\">\n<div class=\"[--thread-content-max-width:32rem] @[34rem]:[--thread-content-max-width:40rem] @[64rem]:[--thread-content-max-width:48rem] mx-auto flex max-w-(--thread-content-max-width) flex-1 text-base gap-4 md:gap-5 lg:gap-6 group\/turn-messages focus-visible:outline-hidden\" tabindex=\"-1\">\n<div class=\"group\/conversation-turn relative flex w-full min-w-0 flex-col agent-turn\">\n<div class=\"relative flex-col gap-1 md:gap-3\">\n<div class=\"flex max-w-full flex-col grow\">\n<div class=\"min-h-8 text-message relative flex w-full flex-col items-end gap-2 text-start break-words whitespace-normal [.text-message+&amp;]:mt-5\" dir=\"auto\" data-message-author-role=\"assistant\" data-message-id=\"1dc18351-8c37-4075-87d1-e22263c4e02a\" data-message-model-slug=\"gpt-4-1-mini\">\n<div class=\"flex w-full flex-col gap-1 empty:hidden first:pt-[3px]\">\n<div class=\"markdown prose dark:prose-invert w-full break-words light\">\n<h1 data-start=\"204\" data-end=\"226\">Datenschutzerkl\u00e4rung<\/h1>\n<h2 data-start=\"228\" data-end=\"246\">1. Wer wir sind<\/h2>\n<p data-start=\"248\" data-end=\"310\">Die Adresse unserer Website ist: <a class=\"\" href=\"https:\/\/bonavita-physiofit.de\" target=\"_new\" rel=\"noopener\" data-start=\"281\" data-end=\"310\">https:\/\/bonavita-physiofit.de<\/a><\/p>\n<p data-start=\"312\" data-end=\"391\">Verantwortlicher f\u00fcr die Datenverarbeitung im Sinne der Datenschutzgesetze ist:<\/p>\n<p data-start=\"393\" data-end=\"511\"><strong data-start=\"393\" data-end=\"431\">bonaVITA Physiotherapie &amp; Training<\/strong><br data-start=\"431\" data-end=\"434\" \/>Hohenkr\u00e4henstra\u00dfe 25<br data-start=\"454\" data-end=\"457\" \/>D-79798 Jestetten<br data-start=\"474\" data-end=\"477\" \/>E-Mail: <a class=\"cursor-pointer\" rel=\"noopener\" data-start=\"485\" data-end=\"511\">info@bonavita-physiofit.de<\/a><\/p>\n<hr data-start=\"513\" data-end=\"516\" \/>\n<h2 data-start=\"518\" data-end=\"534\">2. Kommentare<\/h2>\n<p data-start=\"536\" data-end=\"801\">Wenn Besucher Kommentare auf der Website schreiben, sammeln wir die Daten, die im Kommentar-Formular angezeigt werden, au\u00dferdem die IP-Adresse des Besuchers und den User-Agent-String (damit wird der Browser identifiziert), um die Erkennung von Spam zu unterst\u00fctzen.<\/p>\n<p data-start=\"803\" data-end=\"1168\">Aus deiner E-Mail-Adresse kann eine anonymisierte Zeichenfolge (Hash) erstellt und dem Gravatar-Dienst \u00fcbergeben werden, um zu pr\u00fcfen, ob du diesen benutzt. Die Datenschutzerkl\u00e4rung des Gravatar-Dienstes findest du hier: <a class=\"\" href=\"https:\/\/automattic.com\/privacy\/\" target=\"_new\" rel=\"noopener\" data-start=\"1024\" data-end=\"1055\">https:\/\/automattic.com\/privacy\/<\/a>. Nachdem dein Kommentar freigegeben wurde, ist dein Profilbild \u00f6ffentlich im Kontext deines Kommentars sichtbar.<\/p>\n<hr data-start=\"1170\" data-end=\"1173\" \/>\n<h2 data-start=\"1175\" data-end=\"1187\">3. Medien<\/h2>\n<p data-start=\"1189\" data-end=\"1434\">Wenn du ein registrierter Benutzer bist und Fotos auf diese Website hochl\u00e4dst, solltest du vermeiden, Fotos mit einem EXIF-GPS-Standort hochzuladen. Besucher dieser Website k\u00f6nnten Fotos herunterladen und deren Standortinformationen extrahieren.<\/p>\n<hr data-start=\"1436\" data-end=\"1439\" \/>\n<h2 data-start=\"1441\" data-end=\"1454\">4. Cookies<\/h2>\n<p data-start=\"1456\" data-end=\"1654\">Unsere Website verwendet Cookies, um dir eine komfortable Nutzung zu erm\u00f6glichen und um das Nutzererlebnis zu verbessern. Cookies sind kleine Textdateien, die auf deinem Endger\u00e4t gespeichert werden.<\/p>\n<p data-start=\"1656\" data-end=\"1692\">Wir nutzen Cookies insbesondere f\u00fcr:<\/p>\n<ul data-start=\"1694\" data-end=\"1962\">\n<li data-start=\"1694\" data-end=\"1811\">\n<p data-start=\"1696\" data-end=\"1811\">Speicherung von Kommentardaten (Name, E-Mail, Website) bei Kommentaren, damit du diese nicht erneut eingeben musst.<\/p>\n<\/li>\n<li data-start=\"1812\" data-end=\"1882\">\n<p data-start=\"1814\" data-end=\"1882\">Tempor\u00e4re Cookies zur Erkennung, ob dein Browser Cookies akzeptiert.<\/p>\n<\/li>\n<li data-start=\"1883\" data-end=\"1931\">\n<p data-start=\"1885\" data-end=\"1931\">Login-Cookies zur Verwaltung deiner Anmeldung.<\/p>\n<\/li>\n<li data-start=\"1932\" data-end=\"1962\">\n<p data-start=\"1934\" data-end=\"1962\">Cookies f\u00fcr Anzeigeoptionen.<\/p>\n<\/li>\n<\/ul>\n<p data-start=\"1964\" data-end=\"2165\">Dar\u00fcber hinaus k\u00f6nnen durch Affiliate-Programme und Tracking-Dienste (z.B. Sovrn, Amazon PartnerNet) Cookies gesetzt werden, die dein Nutzungsverhalten analysieren und zu Werbezwecken verwendet werden.<\/p>\n<p data-start=\"2167\" data-end=\"2311\">Bitte beachte, dass du der Nutzung bestimmter Cookies durch unser Cookie-Banner zustimmen musst (insbesondere Marketing- und Affiliate-Cookies).<\/p>\n<hr data-start=\"2313\" data-end=\"2316\" \/>\n<h2 data-start=\"2318\" data-end=\"2365\">5. Eingebettete Inhalte von anderen Websites<\/h2>\n<p data-start=\"2367\" data-end=\"2553\">Beitr\u00e4ge auf dieser Website k\u00f6nnen eingebettete Inhalte enthalten (z. B. Videos, Bilder, Beitr\u00e4ge). Diese Inhalte verhalten sich so, als ob du die andere Website direkt besuchen w\u00fcrdest.<\/p>\n<p data-start=\"2555\" data-end=\"2832\">Diese externen Websites k\u00f6nnen Daten \u00fcber dich sammeln, Cookies verwenden, Tracking-Dienste von Drittanbietern einbetten und deine Interaktion mit diesem eingebetteten Inhalt aufzeichnen, inklusive deiner Interaktion mit dem Inhalt, falls du ein Konto hast und angemeldet bist.<\/p>\n<p data-start=\"2834\" data-end=\"2888\">Konkret nutzen wir u.a. folgende eingebettete Dienste:<\/p>\n<ul data-start=\"2890\" data-end=\"2962\">\n<li data-start=\"2890\" data-end=\"2927\">\n<p data-start=\"2892\" data-end=\"2927\">Amazon PartnerNet (Affiliate-Links)<\/p>\n<\/li>\n<li data-start=\"2928\" data-end=\"2962\">\n<p data-start=\"2930\" data-end=\"2962\">Sovrn Commerce (Affiliate-Links)<\/p>\n<\/li>\n<\/ul>\n<hr data-start=\"2964\" data-end=\"2967\" \/>\n<h2 data-start=\"2969\" data-end=\"3005\">6. Mit wem wir deine Daten teilen<\/h2>\n<p data-start=\"3007\" data-end=\"3129\">Deine Daten k\u00f6nnen an Dienstleister und Partner weitergegeben werden, die uns beim Betrieb der Website unterst\u00fctzen, z.B.:<\/p>\n<ul data-start=\"3131\" data-end=\"3252\">\n<li data-start=\"3131\" data-end=\"3149\">\n<p data-start=\"3133\" data-end=\"3149\">Hosting-Provider<\/p>\n<\/li>\n<li data-start=\"3150\" data-end=\"3187\">\n<p data-start=\"3152\" data-end=\"3187\">Affiliate-Netzwerke (Sovrn, Amazon)<\/p>\n<\/li>\n<li data-start=\"3188\" data-end=\"3212\">\n<p data-start=\"3190\" data-end=\"3212\">Spam-Erkennungssysteme<\/p>\n<\/li>\n<li data-start=\"3213\" data-end=\"3252\">\n<p data-start=\"3215\" data-end=\"3252\">Analytics-Anbieter (sofern verwendet)<\/p>\n<\/li>\n<\/ul>\n<p data-start=\"3254\" data-end=\"3323\">Beim Zur\u00fccksetzen deines Passworts wird deine IP-Adresse mitgesendet.<\/p>\n<hr data-start=\"3325\" data-end=\"3328\" \/>\n<h2 data-start=\"3330\" data-end=\"3371\">7. Wie lange wir deine Daten speichern<\/h2>\n<p data-start=\"3373\" data-end=\"3501\">Kommentare und die damit verbundenen Metadaten werden unbegrenzt gespeichert, um Folgekommentare automatisch erkennen zu k\u00f6nnen.<\/p>\n<p data-start=\"3503\" data-end=\"3653\">F\u00fcr registrierte Nutzer werden pers\u00f6nliche Daten im Benutzerprofil gespeichert und k\u00f6nnen jederzeit von dir eingesehen, ge\u00e4ndert oder gel\u00f6scht werden.<\/p>\n<p data-start=\"3655\" data-end=\"3777\">Cookies haben unterschiedliche Ablaufzeiten, je nach Zweck (z.B. 1 Jahr f\u00fcr Kommentarcookies, 2 Wochen f\u00fcr Login-Cookies).<\/p>\n<hr data-start=\"3779\" data-end=\"3782\" \/>\n<h2 data-start=\"3784\" data-end=\"3802\">8. Deine Rechte<\/h2>\n<p data-start=\"3804\" data-end=\"3832\">Du hast jederzeit das Recht:<\/p>\n<ul data-start=\"3834\" data-end=\"4335\">\n<li data-start=\"3834\" data-end=\"3912\">\n<p data-start=\"3836\" data-end=\"3912\">Auskunft \u00fcber die bei uns gespeicherten personenbezogenen Daten zu erhalten.<\/p>\n<\/li>\n<li data-start=\"3913\" data-end=\"3956\">\n<p data-start=\"3915\" data-end=\"3956\">Berichtigung falscher Daten zu verlangen.<\/p>\n<\/li>\n<li data-start=\"3957\" data-end=\"4077\">\n<p data-start=\"3959\" data-end=\"4077\">L\u00f6schung deiner personenbezogenen Daten zu verlangen, soweit keine gesetzlichen Aufbewahrungspflichten entgegenstehen.<\/p>\n<\/li>\n<li data-start=\"4078\" data-end=\"4137\">\n<p data-start=\"4080\" data-end=\"4137\">Einschr\u00e4nkung der Verarbeitung deiner Daten zu verlangen.<\/p>\n<\/li>\n<li data-start=\"4138\" data-end=\"4174\">\n<p data-start=\"4140\" data-end=\"4174\">Daten\u00fcbertragbarkeit zu verlangen.<\/p>\n<\/li>\n<li data-start=\"4175\" data-end=\"4270\">\n<p data-start=\"4177\" data-end=\"4270\">Deine Einwilligung zur Datenverarbeitung jederzeit mit Wirkung f\u00fcr die Zukunft zu widerrufen.<\/p>\n<\/li>\n<li data-start=\"4271\" data-end=\"4335\">\n<p data-start=\"4273\" data-end=\"4335\">Beschwerde bei einer Datenschutzaufsichtsbeh\u00f6rde einzureichen.<\/p>\n<\/li>\n<\/ul>\n<p data-start=\"4337\" data-end=\"4430\">Zur Wahrnehmung deiner Rechte kannst du dich per E-Mail an <a class=\"cursor-pointer\" rel=\"noopener\" data-start=\"4396\" data-end=\"4422\">info@bonavita-physiofit.de<\/a> wenden.<\/p>\n<hr data-start=\"4432\" data-end=\"4435\" \/>\n<h2 data-start=\"4437\" data-end=\"4487\">9. Datenschutz bei Affiliate-Links und Tracking<\/h2>\n<p data-start=\"4489\" data-end=\"4673\">Unsere Website nutzt Affiliate-Programme von Sovrn Commerce und Amazon PartnerNet. Wenn du auf einen Affiliate-Link klickst und dar\u00fcber einen Kauf t\u00e4tigst, erhalten wir eine Provision.<\/p>\n<p data-start=\"4675\" data-end=\"4844\">Diese Programme setzen Cookies und k\u00f6nnen dein Verhalten auf unserer Website und ggf. dar\u00fcber hinaus verfolgen. Dies erfolgt nur mit deiner Einwilligung (Cookie-Banner).<\/p>\n<hr data-start=\"4846\" data-end=\"4849\" \/>\n<h2 data-start=\"4851\" data-end=\"4880\">10. Cookies &amp; Einwilligung<\/h2>\n<p data-start=\"4882\" data-end=\"5020\">Wir verwenden das Plugin \u201eComplianz\u201c, um dir die Auswahl deiner Cookie-Pr\u00e4ferenzen zu erm\u00f6glichen und die Datenschutzvorgaben einzuhalten.<\/p>\n<p data-start=\"5022\" data-end=\"5166\">Beim ersten Besuch unserer Website wirst du gebeten, der Nutzung bestimmter Cookies (insbesondere Marketing- und Affiliate-Cookies) zuzustimmen.<\/p>\n<p data-start=\"5168\" data-end=\"5225\">Ohne deine Zustimmung werden diese Cookies nicht geladen.<\/p>\n<hr data-start=\"5227\" data-end=\"5230\" \/>\n<h2 data-start=\"5232\" data-end=\"5272\">11. Wohin deine Daten gesendet werden<\/h2>\n<p data-start=\"5274\" data-end=\"5526\">Deine Daten k\u00f6nnen in L\u00e4nder au\u00dferhalb der Europ\u00e4ischen Union \u00fcbertragen werden, z.B. USA, wenn Dienste wie Amazon oder Sovrn dort ihre Server haben. Diese Anbieter verpflichten sich, deine Daten gem\u00e4\u00df den geltenden Datenschutzbestimmungen zu sch\u00fctzen.<\/p>\n<\/div>\n<\/div>\n<\/div>\n<\/div>\n<\/div>\n<\/div>\n<\/div>\n<\/div>\n<\/article>\n<\/div>\n<\/div>\n<\/div>\n<\/div>\n<\/div>\n<\/div>\n<\/div>\n<\/div>\n<\/article>\n<!-- \/wp:paragraph -->\t\t\t\t\t\t<\/div>\n\t\t\t\t<\/div>\n\t\t\t\t\t<\/div>\n\t\t\t\t<\/div>\n\t\t\t\t<\/div>\n\t\t","protected":false},"excerpt":{"rendered":"<p>Datenschutzerkl\u00e4rung 1. Wer wir sind Die Adresse unserer Website ist: https:\/\/bonavita-physiofit.de Verantwortlicher f\u00fcr die Datenverarbeitung im Sinne der Datenschutzgesetze ist: bonaVITA Physiotherapie &amp; TrainingHohenkr\u00e4henstra\u00dfe 25D-79798 JestettenE-Mail: info@bonavita-physiofit.de 2. Kommentare Wenn Besucher Kommentare auf der Website schreiben, sammeln wir die Daten, die im Kommentar-Formular angezeigt werden, au\u00dferdem die IP-Adresse des Besuchers und den User-Agent-String (damit wird [&hellip;]<\/p>\n","protected":false},"author":1,"featured_media":0,"parent":0,"menu_order":0,"comment_status":"closed","ping_status":"open","template":"","meta":{"_monsterinsights_skip_tracking":false,"_monsterinsights_sitenote_active":false,"_monsterinsights_sitenote_note":"","_monsterinsights_sitenote_category":0,"footnotes":""},"class_list":["post-3","page","type-page","status-publish","hentry"],"aioseo_notices":[],"_links":{"self":[{"href":"https:\/\/bonavita-physiofit.de\/index.php?rest_route=\/wp\/v2\/pages\/3","targetHints":{"allow":["GET"]}}],"collection":[{"href":"https:\/\/bonavita-physiofit.de\/index.php?rest_route=\/wp\/v2\/pages"}],"about":[{"href":"https:\/\/bonavita-physiofit.de\/index.php?rest_route=\/wp\/v2\/types\/page"}],"author":[{"embeddable":true,"href":"https:\/\/bonavita-physiofit.de\/index.php?rest_route=\/wp\/v2\/users\/1"}],"replies":[{"embeddable":true,"href":"https:\/\/bonavita-physiofit.de\/index.php?rest_route=%2Fwp%2Fv2%2Fcomments&post=3"}],"version-history":[{"count":3,"href":"https:\/\/bonavita-physiofit.de\/index.php?rest_route=\/wp\/v2\/pages\/3\/revisions"}],"predecessor-version":[{"id":1057,"href":"https:\/\/bonavita-physiofit.de\/index.php?rest_route=\/wp\/v2\/pages\/3\/revisions\/1057"}],"wp:attachment":[{"href":"https:\/\/bonavita-physiofit.de\/index.php?rest_route=%2Fwp%2Fv2%2Fmedia&parent=3"}],"curies":[{"name":"wp","href":"https:\/\/api.w.org\/{rel}","templated":true}]}}