{"id":1067,"date":"2025-06-01T15:59:19","date_gmt":"2025-06-01T13:59:19","guid":{"rendered":"https:\/\/bonavita-physiofit.de\/?page_id=1067"},"modified":"2025-06-01T16:01:30","modified_gmt":"2025-06-01T14:01:30","slug":"rechtliches","status":"publish","type":"page","link":"https:\/\/bonavita-physiofit.de\/?page_id=1067","title":{"rendered":"Rechtliches"},"content":{"rendered":"\t\t<div data-elementor-type=\"wp-page\" data-elementor-id=\"1067\" class=\"elementor elementor-1067\">\n\t\t\t\t<div class=\"elementor-element elementor-element-8a1c3c6 e-flex e-con-boxed e-con e-parent\" data-id=\"8a1c3c6\" data-element_type=\"container\">\n\t\t\t\t\t<div class=\"e-con-inner\">\n\t\t\t\t<div class=\"elementor-element elementor-element-1fcfc0c elementor-widget elementor-widget-text-editor\" data-id=\"1fcfc0c\" data-element_type=\"widget\" data-widget_type=\"text-editor.default\">\n\t\t\t\t<div class=\"elementor-widget-container\">\n\t\t\t\t\t\t\t<h1 data-start=\"474\" data-end=\"511\"><strong data-start=\"474\" data-end=\"487\">IMPRESSUM<\/strong><br data-start=\"487\" data-end=\"490\" \/>Angaben gem\u00e4\u00df \u00a7 5 TMG<\/h1><p data-start=\"513\" data-end=\"637\"><strong data-start=\"513\" data-end=\"553\">bonaVITA Physiotherapie und Training<\/strong><br data-start=\"553\" data-end=\"556\" \/>Inhaber: Siegfried Braig<br data-start=\"580\" data-end=\"583\" \/>Hohenkr\u00e4henstra\u00dfe 25<br data-start=\"603\" data-end=\"606\" \/>79798 Jestetten<br data-start=\"621\" data-end=\"624\" \/>Deutschland<\/p><p data-start=\"639\" data-end=\"746\">Telefon: 07745 927 0000<br data-start=\"662\" data-end=\"665\" \/>E-Mail:\u00a0<a class=\"cursor-pointer\" rel=\"noopener\" data-start=\"673\" data-end=\"746\">rezeption@bonavita-physiofit.de<\/a><\/p><p data-start=\"748\" data-end=\"842\"><strong data-start=\"748\" data-end=\"804\">Verantwortlich f\u00fcr den Inhalt nach \u00a7 18 Abs. 2 MStV:<\/strong><br data-start=\"804\" data-end=\"807\" \/>Siegfried Braig, Adresse wie oben<\/p><hr data-start=\"844\" data-end=\"847\" \/><h3 data-start=\"849\" data-end=\"882\">Berufsrechtliche Regelungen<\/h3><p data-start=\"883\" data-end=\"935\">Die berufsrechtlichen Regelungen finden Sie unter:<\/p><ul data-start=\"936\" data-end=\"1091\"><li data-start=\"936\" data-end=\"1013\"><p data-start=\"938\" data-end=\"1013\"><a class=\"cursor-pointer\" target=\"_new\" rel=\"noopener\" data-start=\"938\" data-end=\"1011\">Heilpraktikergesetz (MPHG)<\/a><\/p><\/li><li data-start=\"1014\" data-end=\"1091\"><p data-start=\"1016\" data-end=\"1091\"><a class=\"cursor-pointer\" target=\"_new\" rel=\"noopener\" data-start=\"1016\" data-end=\"1091\">Heilmittelwerbegesetz (HWG)<\/a><\/p><\/li><\/ul><hr data-start=\"1093\" data-end=\"1096\" \/><h3 data-start=\"1098\" data-end=\"1116\">Urheberrecht<\/h3><p data-start=\"1117\" data-end=\"1413\">Inhalt und Struktur dieser Website sind urheberrechtlich gesch\u00fctzt. Die Vervielf\u00e4ltigung oder Bearbeitung von Inhalten \u2013 auch auszugsweise \u2013 ist ohne vorherige schriftliche Zustimmung von Siegfried Braig unzul\u00e4ssig, sofern die Inhalte nicht ausdr\u00fccklich f\u00fcr die Weiterverwendung freigegeben sind.<\/p><hr data-start=\"1415\" data-end=\"1418\" \/><h3 data-start=\"1420\" data-end=\"1457\">Haftungsausschluss (Disclaimer)<\/h3><p data-start=\"1458\" data-end=\"1711\">Trotz sorgf\u00e4ltiger inhaltlicher Kontrolle \u00fcbernehmen wir keine Haftung f\u00fcr die Inhalte externer Links. F\u00fcr den Inhalt verlinkter Seiten sind ausschlie\u00dflich deren Betreiber verantwortlich. Alle Angaben k\u00f6nnen ohne vorherige Ank\u00fcndigung ge\u00e4ndert werden.<\/p><hr data-start=\"1713\" data-end=\"1716\" \/><h3 data-start=\"1718\" data-end=\"1741\">Affiliate-Hinweis<\/h3><p data-start=\"1742\" data-end=\"1994\">Diese Website nimmt an Affiliate-Programmen teil. Bei Produktlinks handelt es sich teilweise um sogenannte Affiliate-Links. Wenn Sie \u00fcber einen solchen Link einkaufen, erhalten wir ggf. eine kleine Provision. F\u00fcr Sie entstehen dadurch keine Mehrkosten.<\/p><hr data-start=\"1996\" data-end=\"1999\" \/><p data-start=\"2001\" data-end=\"2047\"><strong data-start=\"2001\" data-end=\"2011\">Stand:<\/strong>\u00a0Mai 2025<br data-start=\"2020\" data-end=\"2023\" \/>Alle Rechte vorbehalten.<\/p>\t\t\t\t\t\t<\/div>\n\t\t\t\t<\/div>\n\t\t\t\t\t<\/div>\n\t\t\t\t<\/div>\n\t\t<div class=\"elementor-element elementor-element-1a4f311 e-flex e-con-boxed e-con e-parent\" data-id=\"1a4f311\" data-element_type=\"container\">\n\t\t\t\t\t<div class=\"e-con-inner\">\n\t\t\t\t<div class=\"elementor-element elementor-element-75969ee elementor-widget elementor-widget-text-editor\" data-id=\"75969ee\" data-element_type=\"widget\" data-widget_type=\"text-editor.default\">\n\t\t\t\t<div class=\"elementor-widget-container\">\n\t\t\t\t\t\t\t<h2 data-start=\"105\" data-end=\"139\">Haftungsausschluss (Disclaimer)<\/h2><h3 data-start=\"141\" data-end=\"166\">Haftung f\u00fcr Inhalte<\/h3><p data-start=\"167\" data-end=\"1046\">Die Inhalte unserer Website wurden mit gr\u00f6\u00dfter Sorgfalt erstellt. F\u00fcr die Richtigkeit, Vollst\u00e4ndigkeit und Aktualit\u00e4t der Inhalte k\u00f6nnen wir jedoch keine Gew\u00e4hr \u00fcbernehmen. Als Diensteanbieter sind wir gem\u00e4\u00df \u00a7 7 Abs.1 TMG f\u00fcr eigene Inhalte auf diesen Seiten nach den allgemeinen Gesetzen verantwortlich.<br data-start=\"471\" data-end=\"474\" \/>Nach \u00a7\u00a7 8 bis 10 TMG sind wir als Diensteanbieter jedoch nicht verpflichtet, \u00fcbermittelte oder gespeicherte fremde Informationen zu \u00fcberwachen oder nach Umst\u00e4nden zu forschen, die auf eine rechtswidrige T\u00e4tigkeit hinweisen. Verpflichtungen zur Entfernung oder Sperrung der Nutzung von Informationen nach den allgemeinen Gesetzen bleiben hiervon unber\u00fchrt. Eine diesbez\u00fcgliche Haftung ist jedoch erst ab dem Zeitpunkt der Kenntnis einer konkreten Rechtsverletzung m\u00f6glich. Bei Bekanntwerden von entsprechenden Rechtsverletzungen werden wir diese Inhalte umgehend entfernen.<\/p><h3 data-start=\"1048\" data-end=\"1071\">Haftung f\u00fcr Links<\/h3><p data-start=\"1072\" data-end=\"1763\">Unsere Website enth\u00e4lt Links zu externen Webseiten Dritter, auf deren Inhalte wir keinen Einfluss haben. Deshalb k\u00f6nnen wir f\u00fcr diese fremden Inhalte auch keine Gew\u00e4hr \u00fcbernehmen. F\u00fcr die Inhalte der verlinkten Seiten ist stets der jeweilige Anbieter oder Betreiber der Seiten verantwortlich.<br data-start=\"1364\" data-end=\"1367\" \/>Die verlinkten Seiten wurden zum Zeitpunkt der Verlinkung auf m\u00f6gliche Rechtsverst\u00f6\u00dfe \u00fcberpr\u00fcft. Rechtswidrige Inhalte waren zum Zeitpunkt der Verlinkung nicht erkennbar. Eine permanente inhaltliche Kontrolle der verlinkten Seiten ist jedoch ohne konkrete Anhaltspunkte einer Rechtsverletzung nicht zumutbar. Bei Bekanntwerden von Rechtsverletzungen werden wir derartige Links umgehend entfernen.<\/p><h3 data-start=\"1765\" data-end=\"1783\">Urheberrecht<\/h3><p data-start=\"1784\" data-end=\"2631\">Die durch die Seitenbetreiber erstellten Inhalte und Werke auf diesen Seiten unterliegen dem deutschen Urheberrecht. Beitr\u00e4ge Dritter sind als solche gekennzeichnet. Die Vervielf\u00e4ltigung, Bearbeitung, Verbreitung und jede Art der Verwertung au\u00dferhalb der Grenzen des Urheberrechtes bed\u00fcrfen der schriftlichen Zustimmung des jeweiligen Autors bzw. Erstellers. Downloads und Kopien dieser Seite sind nur f\u00fcr den privaten, nicht kommerziellen Gebrauch gestattet.<br data-start=\"2243\" data-end=\"2246\" \/>Soweit die Inhalte auf dieser Seite nicht vom Betreiber erstellt wurden, werden die Urheberrechte Dritter beachtet. Insbesondere werden Inhalte Dritter als solche gekennzeichnet. Solltest du trotzdem auf eine Urheberrechtsverletzung aufmerksam werden, bitten wir um einen entsprechenden Hinweis. Bei Bekanntwerden von Rechtsverletzungen werden wir derartige Inhalte umgehend entfernen.<\/p>\t\t\t\t\t\t<\/div>\n\t\t\t\t<\/div>\n\t\t\t\t<div class=\"elementor-element elementor-element-00bb22d elementor-widget elementor-widget-text-editor\" data-id=\"00bb22d\" data-element_type=\"widget\" data-widget_type=\"text-editor.default\">\n\t\t\t\t<div class=\"elementor-widget-container\">\n\t\t\t\t\t\t\t<h1 data-start=\"204\" data-end=\"226\">Datenschutzerkl\u00e4rung<\/h1><h2 data-start=\"228\" data-end=\"246\">1. Wer wir sind<\/h2><p data-start=\"248\" data-end=\"310\">Die Adresse unserer Website ist:\u00a0<a class=\"\" href=\"https:\/\/bonavita-physiofit.de\/\" target=\"_new\" rel=\"noopener\" data-start=\"281\" data-end=\"310\">https:\/\/bonavita-physiofit.de<\/a><\/p><p data-start=\"312\" data-end=\"391\">Verantwortlicher f\u00fcr die Datenverarbeitung im Sinne der Datenschutzgesetze ist:<\/p><p data-start=\"393\" data-end=\"511\"><strong data-start=\"393\" data-end=\"431\">bonaVITA Physiotherapie &amp; Training<\/strong><br data-start=\"431\" data-end=\"434\" \/>Hohenkr\u00e4henstra\u00dfe 25<br data-start=\"454\" data-end=\"457\" \/>D-79798 Jestetten<br data-start=\"474\" data-end=\"477\" \/>E-Mail:\u00a0<a class=\"cursor-pointer\" rel=\"noopener\" data-start=\"485\" data-end=\"511\">info@bonavita-physiofit.de<\/a><\/p><hr data-start=\"513\" data-end=\"516\" \/><h2 data-start=\"518\" data-end=\"534\">2. Kommentare<\/h2><p data-start=\"536\" data-end=\"801\">Wenn Besucher Kommentare auf der Website schreiben, sammeln wir die Daten, die im Kommentar-Formular angezeigt werden, au\u00dferdem die IP-Adresse des Besuchers und den User-Agent-String (damit wird der Browser identifiziert), um die Erkennung von Spam zu unterst\u00fctzen.<\/p><p data-start=\"803\" data-end=\"1168\">Aus deiner E-Mail-Adresse kann eine anonymisierte Zeichenfolge (Hash) erstellt und dem Gravatar-Dienst \u00fcbergeben werden, um zu pr\u00fcfen, ob du diesen benutzt. Die Datenschutzerkl\u00e4rung des Gravatar-Dienstes findest du hier:\u00a0<a class=\"\" href=\"https:\/\/automattic.com\/privacy\/\" target=\"_new\" rel=\"noopener\" data-start=\"1024\" data-end=\"1055\">https:\/\/automattic.com\/privacy\/<\/a>. Nachdem dein Kommentar freigegeben wurde, ist dein Profilbild \u00f6ffentlich im Kontext deines Kommentars sichtbar.<\/p><hr data-start=\"1170\" data-end=\"1173\" \/><h2 data-start=\"1175\" data-end=\"1187\">3. Medien<\/h2><p data-start=\"1189\" data-end=\"1434\">Wenn du ein registrierter Benutzer bist und Fotos auf diese Website hochl\u00e4dst, solltest du vermeiden, Fotos mit einem EXIF-GPS-Standort hochzuladen. Besucher dieser Website k\u00f6nnten Fotos herunterladen und deren Standortinformationen extrahieren.<\/p><hr data-start=\"1436\" data-end=\"1439\" \/><h2 data-start=\"1441\" data-end=\"1454\">4. Cookies<\/h2><p data-start=\"1456\" data-end=\"1654\">Unsere Website verwendet Cookies, um dir eine komfortable Nutzung zu erm\u00f6glichen und um das Nutzererlebnis zu verbessern. Cookies sind kleine Textdateien, die auf deinem Endger\u00e4t gespeichert werden.<\/p><p data-start=\"1656\" data-end=\"1692\">Wir nutzen Cookies insbesondere f\u00fcr:<\/p><ul data-start=\"1694\" data-end=\"1962\"><li data-start=\"1694\" data-end=\"1811\"><p data-start=\"1696\" data-end=\"1811\">Speicherung von Kommentardaten (Name, E-Mail, Website) bei Kommentaren, damit du diese nicht erneut eingeben musst.<\/p><\/li><li data-start=\"1812\" data-end=\"1882\"><p data-start=\"1814\" data-end=\"1882\">Tempor\u00e4re Cookies zur Erkennung, ob dein Browser Cookies akzeptiert.<\/p><\/li><li data-start=\"1883\" data-end=\"1931\"><p data-start=\"1885\" data-end=\"1931\">Login-Cookies zur Verwaltung deiner Anmeldung.<\/p><\/li><li data-start=\"1932\" data-end=\"1962\"><p data-start=\"1934\" data-end=\"1962\">Cookies f\u00fcr Anzeigeoptionen.<\/p><\/li><\/ul><p data-start=\"1964\" data-end=\"2165\">Dar\u00fcber hinaus k\u00f6nnen durch Affiliate-Programme und Tracking-Dienste (z.B. Sovrn, Amazon PartnerNet) Cookies gesetzt werden, die dein Nutzungsverhalten analysieren und zu Werbezwecken verwendet werden.<\/p><p data-start=\"2167\" data-end=\"2311\">Bitte beachte, dass du der Nutzung bestimmter Cookies durch unser Cookie-Banner zustimmen musst (insbesondere Marketing- und Affiliate-Cookies).<\/p><hr data-start=\"2313\" data-end=\"2316\" \/><h2 data-start=\"2318\" data-end=\"2365\">5. Eingebettete Inhalte von anderen Websites<\/h2><p data-start=\"2367\" data-end=\"2553\">Beitr\u00e4ge auf dieser Website k\u00f6nnen eingebettete Inhalte enthalten (z. B. Videos, Bilder, Beitr\u00e4ge). Diese Inhalte verhalten sich so, als ob du die andere Website direkt besuchen w\u00fcrdest.<\/p><p data-start=\"2555\" data-end=\"2832\">Diese externen Websites k\u00f6nnen Daten \u00fcber dich sammeln, Cookies verwenden, Tracking-Dienste von Drittanbietern einbetten und deine Interaktion mit diesem eingebetteten Inhalt aufzeichnen, inklusive deiner Interaktion mit dem Inhalt, falls du ein Konto hast und angemeldet bist.<\/p><p data-start=\"2834\" data-end=\"2888\">Konkret nutzen wir u.a. folgende eingebettete Dienste:<\/p><ul data-start=\"2890\" data-end=\"2962\"><li data-start=\"2890\" data-end=\"2927\"><p data-start=\"2892\" data-end=\"2927\">Amazon PartnerNet (Affiliate-Links)<\/p><\/li><li data-start=\"2928\" data-end=\"2962\"><p data-start=\"2930\" data-end=\"2962\">Sovrn Commerce (Affiliate-Links)<\/p><\/li><\/ul><hr data-start=\"2964\" data-end=\"2967\" \/><h2 data-start=\"2969\" data-end=\"3005\">6. Mit wem wir deine Daten teilen<\/h2><p data-start=\"3007\" data-end=\"3129\">Deine Daten k\u00f6nnen an Dienstleister und Partner weitergegeben werden, die uns beim Betrieb der Website unterst\u00fctzen, z.B.:<\/p><ul data-start=\"3131\" data-end=\"3252\"><li data-start=\"3131\" data-end=\"3149\"><p data-start=\"3133\" data-end=\"3149\">Hosting-Provider<\/p><\/li><li data-start=\"3150\" data-end=\"3187\"><p data-start=\"3152\" data-end=\"3187\">Affiliate-Netzwerke (Sovrn, Amazon)<\/p><\/li><li data-start=\"3188\" data-end=\"3212\"><p data-start=\"3190\" data-end=\"3212\">Spam-Erkennungssysteme<\/p><\/li><li data-start=\"3213\" data-end=\"3252\"><p data-start=\"3215\" data-end=\"3252\">Analytics-Anbieter (sofern verwendet)<\/p><\/li><\/ul><p data-start=\"3254\" data-end=\"3323\">Beim Zur\u00fccksetzen deines Passworts wird deine IP-Adresse mitgesendet.<\/p><hr data-start=\"3325\" data-end=\"3328\" \/><h2 data-start=\"3330\" data-end=\"3371\">7. Wie lange wir deine Daten speichern<\/h2><p data-start=\"3373\" data-end=\"3501\">Kommentare und die damit verbundenen Metadaten werden unbegrenzt gespeichert, um Folgekommentare automatisch erkennen zu k\u00f6nnen.<\/p><p data-start=\"3503\" data-end=\"3653\">F\u00fcr registrierte Nutzer werden pers\u00f6nliche Daten im Benutzerprofil gespeichert und k\u00f6nnen jederzeit von dir eingesehen, ge\u00e4ndert oder gel\u00f6scht werden.<\/p><p data-start=\"3655\" data-end=\"3777\">Cookies haben unterschiedliche Ablaufzeiten, je nach Zweck (z.B. 1 Jahr f\u00fcr Kommentarcookies, 2 Wochen f\u00fcr Login-Cookies).<\/p><hr data-start=\"3779\" data-end=\"3782\" \/><h2 data-start=\"3784\" data-end=\"3802\">8. Deine Rechte<\/h2><p data-start=\"3804\" data-end=\"3832\">Du hast jederzeit das Recht:<\/p><ul data-start=\"3834\" data-end=\"4335\"><li data-start=\"3834\" data-end=\"3912\"><p data-start=\"3836\" data-end=\"3912\">Auskunft \u00fcber die bei uns gespeicherten personenbezogenen Daten zu erhalten.<\/p><\/li><li data-start=\"3913\" data-end=\"3956\"><p data-start=\"3915\" data-end=\"3956\">Berichtigung falscher Daten zu verlangen.<\/p><\/li><li data-start=\"3957\" data-end=\"4077\"><p data-start=\"3959\" data-end=\"4077\">L\u00f6schung deiner personenbezogenen Daten zu verlangen, soweit keine gesetzlichen Aufbewahrungspflichten entgegenstehen.<\/p><\/li><li data-start=\"4078\" data-end=\"4137\"><p data-start=\"4080\" data-end=\"4137\">Einschr\u00e4nkung der Verarbeitung deiner Daten zu verlangen.<\/p><\/li><li data-start=\"4138\" data-end=\"4174\"><p data-start=\"4140\" data-end=\"4174\">Daten\u00fcbertragbarkeit zu verlangen.<\/p><\/li><li data-start=\"4175\" data-end=\"4270\"><p data-start=\"4177\" data-end=\"4270\">Deine Einwilligung zur Datenverarbeitung jederzeit mit Wirkung f\u00fcr die Zukunft zu widerrufen.<\/p><\/li><li data-start=\"4271\" data-end=\"4335\"><p data-start=\"4273\" data-end=\"4335\">Beschwerde bei einer Datenschutzaufsichtsbeh\u00f6rde einzureichen.<\/p><\/li><\/ul><p data-start=\"4337\" data-end=\"4430\">Zur Wahrnehmung deiner Rechte kannst du dich per E-Mail an\u00a0<a class=\"cursor-pointer\" rel=\"noopener\" data-start=\"4396\" data-end=\"4422\">info@bonavita-physiofit.de<\/a>\u00a0wenden.<\/p><hr data-start=\"4432\" data-end=\"4435\" \/><h2 data-start=\"4437\" data-end=\"4487\">9. Datenschutz bei Affiliate-Links und Tracking<\/h2><p data-start=\"4489\" data-end=\"4673\">Unsere Website nutzt Affiliate-Programme von Sovrn Commerce und Amazon PartnerNet. Wenn du auf einen Affiliate-Link klickst und dar\u00fcber einen Kauf t\u00e4tigst, erhalten wir eine Provision.<\/p><p data-start=\"4675\" data-end=\"4844\">Diese Programme setzen Cookies und k\u00f6nnen dein Verhalten auf unserer Website und ggf. dar\u00fcber hinaus verfolgen. Dies erfolgt nur mit deiner Einwilligung (Cookie-Banner).<\/p><hr data-start=\"4846\" data-end=\"4849\" \/><h2 data-start=\"4851\" data-end=\"4880\">10. Cookies &amp; Einwilligung<\/h2><p data-start=\"4882\" data-end=\"5020\">Wir verwenden das Plugin \u201eComplianz\u201c, um dir die Auswahl deiner Cookie-Pr\u00e4ferenzen zu erm\u00f6glichen und die Datenschutzvorgaben einzuhalten.<\/p><p data-start=\"5022\" data-end=\"5166\">Beim ersten Besuch unserer Website wirst du gebeten, der Nutzung bestimmter Cookies (insbesondere Marketing- und Affiliate-Cookies) zuzustimmen.<\/p><p data-start=\"5168\" data-end=\"5225\">Ohne deine Zustimmung werden diese Cookies nicht geladen.<\/p><hr data-start=\"5227\" data-end=\"5230\" \/><h2 data-start=\"5232\" data-end=\"5272\">11. Wohin deine Daten gesendet werden<\/h2><p data-start=\"5274\" data-end=\"5526\">Deine Daten k\u00f6nnen in L\u00e4nder au\u00dferhalb der Europ\u00e4ischen Union \u00fcbertragen werden, z.B. USA, wenn Dienste wie Amazon oder Sovrn dort ihre Server haben. Diese Anbieter verpflichten sich, deine Daten gem\u00e4\u00df den geltenden Datenschutzbestimmungen zu sch\u00fctzen.<\/p>\t\t\t\t\t\t<\/div>\n\t\t\t\t<\/div>\n\t\t\t\t\t<\/div>\n\t\t\t\t<\/div>\n\t\t\t\t<\/div>\n\t\t","protected":false},"excerpt":{"rendered":"<p>IMPRESSUMAngaben gem\u00e4\u00df \u00a7 5 TMG bonaVITA Physiotherapie und TrainingInhaber: Siegfried BraigHohenkr\u00e4henstra\u00dfe 2579798 JestettenDeutschland Telefon: 07745 927 0000E-Mail:\u00a0rezeption@bonavita-physiofit.de Verantwortlich f\u00fcr den Inhalt nach \u00a7 18 Abs. 2 MStV:Siegfried Braig, Adresse wie oben Berufsrechtliche Regelungen Die berufsrechtlichen Regelungen finden Sie unter: Heilpraktikergesetz (MPHG) Heilmittelwerbegesetz (HWG) Urheberrecht Inhalt und Struktur dieser Website sind urheberrechtlich gesch\u00fctzt. Die Vervielf\u00e4ltigung oder [&hellip;]<\/p>\n","protected":false},"author":1,"featured_media":0,"parent":0,"menu_order":0,"comment_status":"closed","ping_status":"closed","template":"","meta":{"_monsterinsights_skip_tracking":false,"_monsterinsights_sitenote_active":false,"_monsterinsights_sitenote_note":"","_monsterinsights_sitenote_category":0,"footnotes":""},"class_list":["post-1067","page","type-page","status-publish","hentry"],"aioseo_notices":[],"_links":{"self":[{"href":"https:\/\/bonavita-physiofit.de\/index.php?rest_route=\/wp\/v2\/pages\/1067","targetHints":{"allow":["GET"]}}],"collection":[{"href":"https:\/\/bonavita-physiofit.de\/index.php?rest_route=\/wp\/v2\/pages"}],"about":[{"href":"https:\/\/bonavita-physiofit.de\/index.php?rest_route=\/wp\/v2\/types\/page"}],"author":[{"embeddable":true,"href":"https:\/\/bonavita-physiofit.de\/index.php?rest_route=\/wp\/v2\/users\/1"}],"replies":[{"embeddable":true,"href":"https:\/\/bonavita-physiofit.de\/index.php?rest_route=%2Fwp%2Fv2%2Fcomments&post=1067"}],"version-history":[{"count":4,"href":"https:\/\/bonavita-physiofit.de\/index.php?rest_route=\/wp\/v2\/pages\/1067\/revisions"}],"predecessor-version":[{"id":1073,"href":"https:\/\/bonavita-physiofit.de\/index.php?rest_route=\/wp\/v2\/pages\/1067\/revisions\/1073"}],"wp:attachment":[{"href":"https:\/\/bonavita-physiofit.de\/index.php?rest_route=%2Fwp%2Fv2%2Fmedia&parent=1067"}],"curies":[{"name":"wp","href":"https:\/\/api.w.org\/{rel}","templated":true}]}}